{"id":9167,"date":"2019-03-19T06:43:13","date_gmt":"2019-03-19T11:43:13","guid":{"rendered":"http:\/\/ebrima.wgl-demo.net\/?page_id=11"},"modified":"2025-11-10T18:04:59","modified_gmt":"2025-11-10T23:04:59","slug":"nosotros","status":"publish","type":"page","link":"https:\/\/brunetteboutique.co\/site\/nosotros\/","title":{"rendered":"Nosotros"},"content":{"rendered":"\t\t<div data-elementor-type=\"wp-page\" data-elementor-id=\"9167\" class=\"elementor elementor-9167\">\n\t\t\t\t\t\t<section class=\"elementor-section elementor-top-section elementor-element elementor-element-27fc83a2 elementor-section-boxed elementor-section-height-default elementor-section-height-default\" data-id=\"27fc83a2\" data-element_type=\"section\" data-e-type=\"section\">\n\t\t\t\t\t\t<div class=\"elementor-container elementor-column-gap-default\">\n\t\t\t\t\t<div class=\"elementor-column elementor-col-100 elementor-top-column elementor-element elementor-element-20fdc831\" data-id=\"20fdc831\" data-element_type=\"column\" data-e-type=\"column\">\n\t\t\t<div class=\"elementor-widget-wrap elementor-element-populated\">\n\t\t\t\t\t\t<div class=\"elementor-element elementor-element-093ae59 elementor-widget elementor-widget-image\" data-id=\"093ae59\" data-element_type=\"widget\" data-e-type=\"widget\" data-widget_type=\"image.default\">\n\t\t\t\t<div class=\"elementor-widget-container\">\n\t\t\t\t\t\t\t\t\t\t\t\t\t\t\t<img decoding=\"async\" src=\"https:\/\/brunetteboutique.co\/site\/wp-content\/uploads\/elementor\/thumbs\/FINAL-LOGO-scaled-re9nfkgffh0okhof02kxelqnyoax6r6fa08k52mvpc.png\" title=\"FINAL LOGO\" alt=\"FINAL LOGO\" loading=\"lazy\" \/>\t\t\t\t\t\t\t\t\t\t\t\t\t\t\t<\/div>\n\t\t\t\t<\/div>\n\t\t\t\t<div class=\"elementor-element elementor-element-7f906475 elementor-widget elementor-widget-text-editor\" data-id=\"7f906475\" data-element_type=\"widget\" data-e-type=\"widget\" data-widget_type=\"text-editor.default\">\n\t\t\t\t<div class=\"elementor-widget-container\">\n\t\t\t\t\t\t\t\t\t<p style=\"text-align: justify;\"><span style=\"letter-spacing: -0.08px;\">Nuestra empresa tiene una trayectoria de 10 a\u00f1os en el mundo de la moda; hemos venido creciendo a trav\u00e9s de redes sociales y en el a\u00f1o 2020, justamente cuando el mundo vio cerrar muchas puertas ante sus ojos, este emprendimiento tom\u00f3 fuerza abriendo su primer punto f\u00edsico. No le cre\u00edmos a las circunstancias adversas, le cre\u00edmos al sue\u00f1o que ya ven\u00eda tomando forma, el motor siempre ha sido la pasi\u00f3n que tenemos por la moda y la Fe junto a la perseverancia son los ingredientes que siempre nos ha impulsado a seguir adelante y creer que el sue\u00f1o de crear empresa en Colombia si se puede hacer realidad, cuando a pesar de los pocos recursos econ\u00f3micos nos levantamos d\u00eda a d\u00eda a trabajar con pasi\u00f3n, amor, disciplina y dedicaci\u00f3n por lo que so\u00f1amos.<\/span><\/p><p style=\"text-align: justify;\"><span style=\"letter-spacing: -0.08px;\">BRUNETTE es una marca Hecha con amor; que busca hacer sentir \u00fanica, valiosa y especial a cada mujer, complacemos sus gustos, en cuanto a colores, texturas, estampados y cuidamos cada detalle de costura. Creemos que las mujeres son seres diversos y excepcionales, es por eso que en nuestra marca se encuentran vers\u00e1tiles prendas de vestir, las cuales son dise\u00f1adas para todo tipo de cuerpo, tallas y gustos; aportan comodidad, belleza, elegancia y seguridad en el d\u00eda a d\u00eda.<\/span><\/p><p>BRUNETTE cuenta con un equipo capacitado que aporta conocimiento y experiencia a cada proceso productivo. La responsabilidad de entregar pedidos a tiempo y la satisfacci\u00f3n de un cliente al recibir lo esperado es nuestra bandera.<\/p><h4 style=\"text-align: center;\"><span style=\"color: #cea379;\"><strong>\u00a1Nuestro objetivo es siempre sacar tu mejor versi\u00f3n, luciendo prendas hechas con amor!<\/strong><\/span><\/h4><p><strong><span style=\"color: #cea379;\"><em>\u00a0 \u00a0 \u00a0 \u00a0 \u00a0 \u00a0 \u00a0 \u00a0 \u00a0 \u00a0 \u00a0 \u00a0 \u00a0 \u00a0 \u00a0 \u00a0 \u00a0 \u00a0 \u00a0 \u00a0 \u00a0 \u00a0 \u00a0 \u00a0 \u00a0 \u00a0 \u00a0 \u00a0 \u00a0 \u00a0 \u00a0 \u00a0 \u00a0 \u00a0 \u00a0 \u00a0 \u00a0 \u00a0 \u00a0 \u00a0 \u00a0 \u00a0 \u00a0 \u00a0Marcos 9:23 \u00bfC\u00f3mo que si puedo? Para el que cree, todo es posible.<\/em><\/span><\/strong><\/p>\t\t\t\t\t\t\t\t<\/div>\n\t\t\t\t<\/div>\n\t\t\t\t\t<\/div>\n\t\t<\/div>\n\t\t\t\t\t<\/div>\n\t\t<\/section>\n\t\t\t\t<\/div>\n\t\t","protected":false},"excerpt":{"rendered":"<p>Nuestra empresa tiene una trayectoria de 10 a\u00f1os en el mundo de la moda; hemos venido creciendo a trav\u00e9s de redes sociales y en el a\u00f1o 2020, justamente cuando el mundo vio cerrar muchas puertas ante sus ojos, este emprendimiento tom\u00f3 fuerza abriendo su primer punto f\u00edsico. No le cre\u00edmos a las circunstancias adversas, le [&hellip;]<\/p>\n","protected":false},"author":1,"featured_media":0,"parent":0,"menu_order":0,"comment_status":"closed","ping_status":"closed","template":"","meta":{"footnotes":""},"class_list":["post-9167","page","type-page","status-publish","hentry"],"_links":{"self":[{"href":"https:\/\/brunetteboutique.co\/site\/wp-json\/wp\/v2\/pages\/9167","targetHints":{"allow":["GET"]}}],"collection":[{"href":"https:\/\/brunetteboutique.co\/site\/wp-json\/wp\/v2\/pages"}],"about":[{"href":"https:\/\/brunetteboutique.co\/site\/wp-json\/wp\/v2\/types\/page"}],"author":[{"embeddable":true,"href":"https:\/\/brunetteboutique.co\/site\/wp-json\/wp\/v2\/users\/1"}],"replies":[{"embeddable":true,"href":"https:\/\/brunetteboutique.co\/site\/wp-json\/wp\/v2\/comments?post=9167"}],"version-history":[{"count":6,"href":"https:\/\/brunetteboutique.co\/site\/wp-json\/wp\/v2\/pages\/9167\/revisions"}],"predecessor-version":[{"id":20741,"href":"https:\/\/brunetteboutique.co\/site\/wp-json\/wp\/v2\/pages\/9167\/revisions\/20741"}],"wp:attachment":[{"href":"https:\/\/brunetteboutique.co\/site\/wp-json\/wp\/v2\/media?parent=9167"}],"curies":[{"name":"wp","href":"https:\/\/api.w.org\/{rel}","templated":true}]}}