{"id":9933,"date":"2021-04-05T23:04:31","date_gmt":"2021-04-06T04:04:31","guid":{"rendered":"https:\/\/brunetteboutique.co\/site\/?page_id=9933"},"modified":"2021-04-05T23:04:31","modified_gmt":"2021-04-06T04:04:31","slug":"terminos-y-condiciones","status":"publish","type":"page","link":"https:\/\/brunetteboutique.co\/site\/terminos-y-condiciones\/","title":{"rendered":"T\u00e9rminos y Condiciones"},"content":{"rendered":"\t\t<div data-elementor-type=\"wp-page\" data-elementor-id=\"9933\" class=\"elementor elementor-9933\">\n\t\t\t\t\t\t<section class=\"elementor-section elementor-top-section elementor-element elementor-element-42e0a7c0 elementor-section-boxed elementor-section-height-default elementor-section-height-default\" data-id=\"42e0a7c0\" data-element_type=\"section\" data-e-type=\"section\">\n\t\t\t\t\t\t<div class=\"elementor-container elementor-column-gap-default\">\n\t\t\t\t\t<div class=\"elementor-column elementor-col-100 elementor-top-column elementor-element elementor-element-680a3e4b\" data-id=\"680a3e4b\" data-element_type=\"column\" data-e-type=\"column\">\n\t\t\t<div class=\"elementor-widget-wrap elementor-element-populated\">\n\t\t\t\t\t\t<div class=\"elementor-element elementor-element-c56e608 elementor-widget elementor-widget-image\" data-id=\"c56e608\" data-element_type=\"widget\" data-e-type=\"widget\" data-widget_type=\"image.default\">\n\t\t\t\t<div class=\"elementor-widget-container\">\n\t\t\t\t\t\t\t\t\t\t\t\t\t\t\t<img decoding=\"async\" src=\"https:\/\/brunetteboutique.co\/site\/wp-content\/uploads\/elementor\/thumbs\/brulogo-qs1htpk903n7ae2cc9xswuv9mh8qnbp0sm2x62d43k.png\" title=\"brulogo\" alt=\"brulogo\" loading=\"lazy\" \/>\t\t\t\t\t\t\t\t\t\t\t\t\t\t\t<\/div>\n\t\t\t\t<\/div>\n\t\t\t\t<div class=\"elementor-element elementor-element-7e86fd76 elementor-widget elementor-widget-text-editor\" data-id=\"7e86fd76\" data-element_type=\"widget\" data-e-type=\"widget\" data-widget_type=\"text-editor.default\">\n\t\t\t\t<div class=\"elementor-widget-container\">\n\t\t\t\t\t\t\t\t\t<h2><span style=\"color: #cea379;\">T\u00c9RMINOS Y CONDICIONES<\/span><\/h2><p style=\"text-align: justify;\">BRUNETTE es la responsable del tratamiento de datos para este sitio Web, seg\u00fan la ley de protecci\u00f3n de datos personales Para todas las aplicaciones (m\u00f3viles) que se refieren a esta Pol\u00edtica de Privacidad, BRUNETTE es el responsable del tratamiento de los datos. BRUNETTE se compromete a asumir toda la responsabilidad de la protecci\u00f3n y la seguridad de los datos personales de usted.<\/p><p style=\"text-align: justify;\">Utilizaremos la informaci\u00f3n que hemos recopilado sobre usted para proporcionarle una agradable experiencia de compra, para comunicarle ofertas sobre nuestros productos y servicios.<\/p><p style=\"text-align: justify;\">Se usaran sus datos personales para fines relacionados con su pedido; por ejemplo, para notificarle la situaci\u00f3n de su pedido o entrega. Podremos usar sus datos con la finalidad de evaluar su solvencia, para lo cual podremos recurrir a terceros.<\/p><p style=\"text-align: justify;\">Si usted nos ha proporcionado sus datos personales en relaci\u00f3n con una promoci\u00f3n, evento, aplicaci\u00f3n (m\u00f3vil), etc., podremos enviarle emails y otros mensajes relacionados con el servicio que ha solicitado.<\/p><p style=\"text-align: justify;\">Si usted se pone en contacto con atenci\u00f3n al cliente, usaremos sus datos personales (incluido su historial de contacto) para que atenci\u00f3n al cliente pueda procesar su petici\u00f3n y prestarse el mejor servicio posible.<\/p>\t\t\t\t\t\t\t\t<\/div>\n\t\t\t\t<\/div>\n\t\t\t\t\t<\/div>\n\t\t<\/div>\n\t\t\t\t\t<\/div>\n\t\t<\/section>\n\t\t\t\t<\/div>\n\t\t","protected":false},"excerpt":{"rendered":"<p>T\u00c9RMINOS Y CONDICIONES BRUNETTE es la responsable del tratamiento de datos para este sitio Web, seg\u00fan la ley de protecci\u00f3n de datos personales Para todas las aplicaciones (m\u00f3viles) que se refieren a esta Pol\u00edtica de Privacidad, BRUNETTE es el responsable del tratamiento de los datos. BRUNETTE se compromete a asumir toda la responsabilidad de la [&hellip;]<\/p>\n","protected":false},"author":1,"featured_media":0,"parent":0,"menu_order":0,"comment_status":"closed","ping_status":"closed","template":"","meta":{"footnotes":""},"class_list":["post-9933","page","type-page","status-publish","hentry"],"_links":{"self":[{"href":"https:\/\/brunetteboutique.co\/site\/wp-json\/wp\/v2\/pages\/9933","targetHints":{"allow":["GET"]}}],"collection":[{"href":"https:\/\/brunetteboutique.co\/site\/wp-json\/wp\/v2\/pages"}],"about":[{"href":"https:\/\/brunetteboutique.co\/site\/wp-json\/wp\/v2\/types\/page"}],"author":[{"embeddable":true,"href":"https:\/\/brunetteboutique.co\/site\/wp-json\/wp\/v2\/users\/1"}],"replies":[{"embeddable":true,"href":"https:\/\/brunetteboutique.co\/site\/wp-json\/wp\/v2\/comments?post=9933"}],"version-history":[{"count":0,"href":"https:\/\/brunetteboutique.co\/site\/wp-json\/wp\/v2\/pages\/9933\/revisions"}],"wp:attachment":[{"href":"https:\/\/brunetteboutique.co\/site\/wp-json\/wp\/v2\/media?parent=9933"}],"curies":[{"name":"wp","href":"https:\/\/api.w.org\/{rel}","templated":true}]}}