{"id":11268,"date":"2021-05-24T21:59:56","date_gmt":"2021-05-25T02:59:56","guid":{"rendered":"https:\/\/brunetteboutique.co\/site\/?post_type=product&#038;p=11268"},"modified":"2024-08-02T18:41:11","modified_gmt":"2024-08-02T23:41:11","slug":"top-tulipan-blanco-hueso","status":"publish","type":"product","link":"https:\/\/brunetteboutique.co\/site\/tienda\/top-tulipan-blanco-hueso\/","title":{"rendered":"TOP TULIP\u00c1N BLANCO HUESO"},"content":{"rendered":"<p>Elaborado en algod\u00f3n, top ajustado, con el\u00e1stico en la parte trasera y en las mangas.<\/p>\n<p>la modelo utiliza talla s.<\/p>\n<p><img decoding=\"async\" class=\"\" src=\"https:\/\/www.coats.com\/-\/media\/Coats\/Information-Hub\/Care-Labels\/Euro-Hand-Wash_tcm35-145849.jpg?rev=-1\" alt=\"European care label hand wash only\" width=\"45\" height=\"39\" \/>\u00a0 \u00a0\u00a0<img decoding=\"async\" class=\"\" src=\"https:\/\/www.coats.com\/-\/media\/Coats\/Information-Hub\/Care-Labels\/Euro-Bleaching-No_tcm35-145845.jpg?rev=-1\" alt=\"European care label no chlorine bleach\" width=\"39\" height=\"33\" \/>\u00a0 \u00a0\u00a0<img decoding=\"async\" class=\"\" src=\"https:\/\/www.coats.com\/-\/media\/Coats\/Information-Hub\/Care-Labels\/Euro-Iron-110_tcm35-145843.jpg?rev=-1\" alt=\"European care label steam iron risky\" width=\"44\" height=\"38\" \/><\/p>\n","protected":false},"excerpt":{"rendered":"<p>Elaborado en algod\u00f3n, top ajustado, con el\u00e1stico en la parte trasera y en las mangas. la modelo utiliza talla s. \u00a0 \u00a0\u00a0\u00a0 \u00a0\u00a0<\/p>\n","protected":false},"featured_media":11269,"template":"","meta":[],"product_brand":[],"product_cat":[364],"product_tag":[395,384],"class_list":{"0":"post-11268","1":"product","2":"type-product","3":"status-publish","4":"has-post-thumbnail","6":"product_cat-tops","7":"product_tag-blanco-hueso","8":"product_tag-top","10":"first","11":"instock","12":"sold-individually","13":"shipping-taxable","14":"purchasable","15":"product-type-variable"},"_links":{"self":[{"href":"https:\/\/brunetteboutique.co\/site\/wp-json\/wp\/v2\/product\/11268","targetHints":{"allow":["GET"]}}],"collection":[{"href":"https:\/\/brunetteboutique.co\/site\/wp-json\/wp\/v2\/product"}],"about":[{"href":"https:\/\/brunetteboutique.co\/site\/wp-json\/wp\/v2\/types\/product"}],"version-history":[{"count":0,"href":"https:\/\/brunetteboutique.co\/site\/wp-json\/wp\/v2\/product\/11268\/revisions"}],"wp:featuredmedia":[{"embeddable":true,"href":"https:\/\/brunetteboutique.co\/site\/wp-json\/wp\/v2\/media\/11269"}],"wp:attachment":[{"href":"https:\/\/brunetteboutique.co\/site\/wp-json\/wp\/v2\/media?parent=11268"}],"wp:term":[{"taxonomy":"product_brand","embeddable":true,"href":"https:\/\/brunetteboutique.co\/site\/wp-json\/wp\/v2\/product_brand?post=11268"},{"taxonomy":"product_cat","embeddable":true,"href":"https:\/\/brunetteboutique.co\/site\/wp-json\/wp\/v2\/product_cat?post=11268"},{"taxonomy":"product_tag","embeddable":true,"href":"https:\/\/brunetteboutique.co\/site\/wp-json\/wp\/v2\/product_tag?post=11268"}],"curies":[{"name":"wp","href":"https:\/\/api.w.org\/{rel}","templated":true}]}}