{"id":11583,"date":"2021-06-23T20:20:20","date_gmt":"2021-06-24T01:20:20","guid":{"rendered":"https:\/\/brunetteboutique.co\/site\/?post_type=product&#038;p=11583"},"modified":"2024-08-02T18:41:42","modified_gmt":"2024-08-02T23:41:42","slug":"short-scarlett-blanco-hueso","status":"publish","type":"product","link":"https:\/\/brunetteboutique.co\/site\/tienda\/short-scarlett-blanco-hueso\/","title":{"rendered":"SHORT SCARLETT BLANCO HUESO"},"content":{"rendered":"<p>Elaborado en 97% poli\u00e9ster y 3% spandex, con bolsillo, corredera y bot\u00f3n en la parte de adelante, con pasadores para cintur\u00f3n, no es transparente (usar con ropa interior adecuada).<\/p>\n<p>la modelo utiliza talla s.<\/p>\n<p><img decoding=\"async\" class=\"\" src=\"https:\/\/www.coats.com\/-\/media\/Coats\/Information-Hub\/Care-Labels\/Euro-Hand-Wash_tcm35-145849.jpg?rev=-1\" alt=\"European care label hand wash only\" width=\"45\" height=\"39\" \/>\u00a0 \u00a0\u00a0<img decoding=\"async\" class=\"\" src=\"https:\/\/www.coats.com\/-\/media\/Coats\/Information-Hub\/Care-Labels\/Euro-Bleaching-No_tcm35-145845.jpg?rev=-1\" alt=\"European care label no chlorine bleach\" width=\"39\" height=\"33\" \/>\u00a0 \u00a0\u00a0<img decoding=\"async\" class=\"\" src=\"https:\/\/www.coats.com\/-\/media\/Coats\/Information-Hub\/Care-Labels\/Euro-Iron-110_tcm35-145843.jpg?rev=-1\" alt=\"European care label steam iron risky\" width=\"44\" height=\"38\" \/><\/p>\n","protected":false},"excerpt":{"rendered":"<p>Elaborado en 97% poli\u00e9ster y 3% spandex, con bolsillo, corredera y bot\u00f3n en la parte de adelante, con pasadores para cintur\u00f3n, no es transparente (usar con ropa interior adecuada). la modelo utiliza talla s. \u00a0 \u00a0\u00a0\u00a0 \u00a0\u00a0<\/p>\n","protected":false},"featured_media":11574,"template":"","meta":[],"product_brand":[],"product_cat":[142],"product_tag":[395,414],"class_list":{"0":"post-11583","1":"product","2":"type-product","3":"status-publish","4":"has-post-thumbnail","6":"product_cat-shorts","7":"product_tag-blanco-hueso","8":"product_tag-short","10":"first","11":"instock","12":"shipping-taxable","13":"purchasable","14":"product-type-variable"},"_links":{"self":[{"href":"https:\/\/brunetteboutique.co\/site\/wp-json\/wp\/v2\/product\/11583","targetHints":{"allow":["GET"]}}],"collection":[{"href":"https:\/\/brunetteboutique.co\/site\/wp-json\/wp\/v2\/product"}],"about":[{"href":"https:\/\/brunetteboutique.co\/site\/wp-json\/wp\/v2\/types\/product"}],"version-history":[{"count":0,"href":"https:\/\/brunetteboutique.co\/site\/wp-json\/wp\/v2\/product\/11583\/revisions"}],"wp:featuredmedia":[{"embeddable":true,"href":"https:\/\/brunetteboutique.co\/site\/wp-json\/wp\/v2\/media\/11574"}],"wp:attachment":[{"href":"https:\/\/brunetteboutique.co\/site\/wp-json\/wp\/v2\/media?parent=11583"}],"wp:term":[{"taxonomy":"product_brand","embeddable":true,"href":"https:\/\/brunetteboutique.co\/site\/wp-json\/wp\/v2\/product_brand?post=11583"},{"taxonomy":"product_cat","embeddable":true,"href":"https:\/\/brunetteboutique.co\/site\/wp-json\/wp\/v2\/product_cat?post=11583"},{"taxonomy":"product_tag","embeddable":true,"href":"https:\/\/brunetteboutique.co\/site\/wp-json\/wp\/v2\/product_tag?post=11583"}],"curies":[{"name":"wp","href":"https:\/\/api.w.org\/{rel}","templated":true}]}}