{"id":11741,"date":"2021-10-10T20:55:08","date_gmt":"2021-10-11T01:55:08","guid":{"rendered":"https:\/\/brunetteboutique.co\/site\/?post_type=product&#038;p=11741"},"modified":"2024-08-02T18:42:02","modified_gmt":"2024-08-02T23:42:02","slug":"blusa-bahamas","status":"publish","type":"product","link":"https:\/\/brunetteboutique.co\/site\/tienda\/blusa-bahamas\/","title":{"rendered":"BLUSA BAHAMAS"},"content":{"rendered":"<p>Elaborado en algod\u00f3n, top ajustado, con el\u00e1stico en el pu\u00f1o , fruncido en la parte de los hombros, con delgadas tiras para amarrar a la cintura.<\/p>\n<p>la modelo utiliza talla s.<\/p>\n<p><img decoding=\"async\" class=\"\" src=\"https:\/\/www.coats.com\/-\/media\/Coats\/Information-Hub\/Care-Labels\/Euro-Hand-Wash_tcm35-145849.jpg?rev=-1\" alt=\"European care label hand wash only\" width=\"45\" height=\"39\" \/>\u00a0 \u00a0\u00a0<img decoding=\"async\" class=\"\" src=\"https:\/\/www.coats.com\/-\/media\/Coats\/Information-Hub\/Care-Labels\/Euro-Bleaching-No_tcm35-145845.jpg?rev=-1\" alt=\"European care label no chlorine bleach\" width=\"39\" height=\"33\" \/>\u00a0 \u00a0\u00a0<img decoding=\"async\" class=\"\" src=\"https:\/\/www.coats.com\/-\/media\/Coats\/Information-Hub\/Care-Labels\/Euro-Iron-110_tcm35-145843.jpg?rev=-1\" alt=\"European care label steam iron risky\" width=\"44\" height=\"38\" \/><\/p>\n","protected":false},"excerpt":{"rendered":"<p>Elaborado en algod\u00f3n, top ajustado, con el\u00e1stico en el pu\u00f1o , fruncido en la parte de los hombros, con delgadas tiras para amarrar a la cintura. la modelo utiliza talla s. \u00a0 \u00a0\u00a0\u00a0 \u00a0\u00a0<\/p>\n","protected":false},"featured_media":11742,"template":"","meta":[],"product_brand":[],"product_cat":[138],"product_tag":[388,400],"class_list":{"0":"post-11741","1":"product","2":"type-product","3":"status-publish","4":"has-post-thumbnail","6":"product_cat-blusas","7":"product_tag-blusa","8":"product_tag-rojo","10":"first","11":"instock","12":"shipping-taxable","13":"purchasable","14":"product-type-variable"},"_links":{"self":[{"href":"https:\/\/brunetteboutique.co\/site\/wp-json\/wp\/v2\/product\/11741","targetHints":{"allow":["GET"]}}],"collection":[{"href":"https:\/\/brunetteboutique.co\/site\/wp-json\/wp\/v2\/product"}],"about":[{"href":"https:\/\/brunetteboutique.co\/site\/wp-json\/wp\/v2\/types\/product"}],"version-history":[{"count":0,"href":"https:\/\/brunetteboutique.co\/site\/wp-json\/wp\/v2\/product\/11741\/revisions"}],"wp:featuredmedia":[{"embeddable":true,"href":"https:\/\/brunetteboutique.co\/site\/wp-json\/wp\/v2\/media\/11742"}],"wp:attachment":[{"href":"https:\/\/brunetteboutique.co\/site\/wp-json\/wp\/v2\/media?parent=11741"}],"wp:term":[{"taxonomy":"product_brand","embeddable":true,"href":"https:\/\/brunetteboutique.co\/site\/wp-json\/wp\/v2\/product_brand?post=11741"},{"taxonomy":"product_cat","embeddable":true,"href":"https:\/\/brunetteboutique.co\/site\/wp-json\/wp\/v2\/product_cat?post=11741"},{"taxonomy":"product_tag","embeddable":true,"href":"https:\/\/brunetteboutique.co\/site\/wp-json\/wp\/v2\/product_tag?post=11741"}],"curies":[{"name":"wp","href":"https:\/\/api.w.org\/{rel}","templated":true}]}}