{"id":12546,"date":"2022-04-05T19:31:54","date_gmt":"2022-04-06T00:31:54","guid":{"rendered":"https:\/\/brunetteboutique.co\/site\/?post_type=product&#038;p=12546"},"modified":"2024-09-26T14:03:58","modified_gmt":"2024-09-26T19:03:58","slug":"top-esmeralda","status":"publish","type":"product","link":"https:\/\/brunetteboutique.co\/site\/tienda\/top-esmeralda\/","title":{"rendered":"TOP ESMERALDA"},"content":{"rendered":"<p>Top elaborado en lino, detalle con el\u00e1stico en pu\u00f1os y hombros, tiras para amarrar atr\u00e1s o adelante.<\/p>\n<p>la modelo utiliza talla s.<\/p>\n<p>&nbsp;<\/p>\n","protected":false},"excerpt":{"rendered":"<p>Top elaborado en lino, detalle con el\u00e1stico en pu\u00f1os y hombros, tiras para amarrar atr\u00e1s o adelante. la modelo utiliza talla s. &nbsp;<\/p>\n","protected":false},"featured_media":17350,"template":"","meta":[],"product_brand":[],"product_cat":[364],"product_tag":[384,447],"class_list":{"0":"post-12546","1":"product","2":"type-product","3":"status-publish","4":"has-post-thumbnail","6":"product_cat-tops","7":"product_tag-top","8":"product_tag-verde","10":"first","11":"instock","12":"shipping-taxable","13":"purchasable","14":"product-type-variable"},"_links":{"self":[{"href":"https:\/\/brunetteboutique.co\/site\/wp-json\/wp\/v2\/product\/12546","targetHints":{"allow":["GET"]}}],"collection":[{"href":"https:\/\/brunetteboutique.co\/site\/wp-json\/wp\/v2\/product"}],"about":[{"href":"https:\/\/brunetteboutique.co\/site\/wp-json\/wp\/v2\/types\/product"}],"version-history":[{"count":1,"href":"https:\/\/brunetteboutique.co\/site\/wp-json\/wp\/v2\/product\/12546\/revisions"}],"predecessor-version":[{"id":17351,"href":"https:\/\/brunetteboutique.co\/site\/wp-json\/wp\/v2\/product\/12546\/revisions\/17351"}],"wp:featuredmedia":[{"embeddable":true,"href":"https:\/\/brunetteboutique.co\/site\/wp-json\/wp\/v2\/media\/17350"}],"wp:attachment":[{"href":"https:\/\/brunetteboutique.co\/site\/wp-json\/wp\/v2\/media?parent=12546"}],"wp:term":[{"taxonomy":"product_brand","embeddable":true,"href":"https:\/\/brunetteboutique.co\/site\/wp-json\/wp\/v2\/product_brand?post=12546"},{"taxonomy":"product_cat","embeddable":true,"href":"https:\/\/brunetteboutique.co\/site\/wp-json\/wp\/v2\/product_cat?post=12546"},{"taxonomy":"product_tag","embeddable":true,"href":"https:\/\/brunetteboutique.co\/site\/wp-json\/wp\/v2\/product_tag?post=12546"}],"curies":[{"name":"wp","href":"https:\/\/api.w.org\/{rel}","templated":true}]}}