{"id":12756,"date":"2022-05-10T19:07:36","date_gmt":"2022-05-11T00:07:36","guid":{"rendered":"https:\/\/brunetteboutique.co\/site\/?post_type=product&#038;p=12756"},"modified":"2025-08-08T21:28:46","modified_gmt":"2025-08-09T02:28:46","slug":"falda-carolina-blanco-hueso","status":"publish","type":"product","link":"https:\/\/brunetteboutique.co\/site\/tienda\/falda-carolina-blanco-hueso\/","title":{"rendered":"FALDA CAROLINA BLANCO HUESO"},"content":{"rendered":"<p>Elaborado en 97% poli\u00e9ster y 3% spandex, con cintur\u00f3n y cierre en la parte de atr\u00e1s.<\/p>\n<p>la modelo utiliza talla m.<\/p>\n<p><img decoding=\"async\" class=\"\" src=\"https:\/\/www.coats.com\/-\/media\/Coats\/Information-Hub\/Care-Labels\/Euro-Hand-Wash_tcm35-145849.jpg?rev=-1\" alt=\"European care label hand wash only\" width=\"45\" height=\"39\" \/>\u00a0 \u00a0\u00a0<img decoding=\"async\" class=\"\" src=\"https:\/\/www.coats.com\/-\/media\/Coats\/Information-Hub\/Care-Labels\/Euro-Bleaching-No_tcm35-145845.jpg?rev=-1\" alt=\"European care label no chlorine bleach\" width=\"39\" height=\"33\" \/>\u00a0 \u00a0\u00a0<img decoding=\"async\" class=\"\" src=\"https:\/\/www.coats.com\/-\/media\/Coats\/Information-Hub\/Care-Labels\/Euro-Iron-110_tcm35-145843.jpg?rev=-1\" alt=\"European care label steam iron risky\" width=\"44\" height=\"38\" \/><\/p>\n","protected":false},"excerpt":{"rendered":"<p>Elaborado en 97% poli\u00e9ster y 3% spandex, con cintur\u00f3n y cierre en la parte de atr\u00e1s. la modelo utiliza talla m. \u00a0 \u00a0\u00a0\u00a0 \u00a0\u00a0<\/p>\n","protected":false},"featured_media":12757,"template":"","meta":[],"product_brand":[],"product_cat":[145],"product_tag":[395,416],"class_list":{"0":"post-12756","1":"product","2":"type-product","3":"status-publish","4":"has-post-thumbnail","6":"product_cat-faldas","7":"product_tag-blanco-hueso","8":"product_tag-falda","10":"first","11":"instock","12":"shipping-taxable","13":"purchasable","14":"product-type-variable"},"_links":{"self":[{"href":"https:\/\/brunetteboutique.co\/site\/wp-json\/wp\/v2\/product\/12756","targetHints":{"allow":["GET"]}}],"collection":[{"href":"https:\/\/brunetteboutique.co\/site\/wp-json\/wp\/v2\/product"}],"about":[{"href":"https:\/\/brunetteboutique.co\/site\/wp-json\/wp\/v2\/types\/product"}],"version-history":[{"count":0,"href":"https:\/\/brunetteboutique.co\/site\/wp-json\/wp\/v2\/product\/12756\/revisions"}],"wp:featuredmedia":[{"embeddable":true,"href":"https:\/\/brunetteboutique.co\/site\/wp-json\/wp\/v2\/media\/12757"}],"wp:attachment":[{"href":"https:\/\/brunetteboutique.co\/site\/wp-json\/wp\/v2\/media?parent=12756"}],"wp:term":[{"taxonomy":"product_brand","embeddable":true,"href":"https:\/\/brunetteboutique.co\/site\/wp-json\/wp\/v2\/product_brand?post=12756"},{"taxonomy":"product_cat","embeddable":true,"href":"https:\/\/brunetteboutique.co\/site\/wp-json\/wp\/v2\/product_cat?post=12756"},{"taxonomy":"product_tag","embeddable":true,"href":"https:\/\/brunetteboutique.co\/site\/wp-json\/wp\/v2\/product_tag?post=12756"}],"curies":[{"name":"wp","href":"https:\/\/api.w.org\/{rel}","templated":true}]}}