{"id":20062,"date":"2025-08-11T18:55:24","date_gmt":"2025-08-11T23:55:24","guid":{"rendered":"https:\/\/brunetteboutique.co\/site\/?post_type=product&#038;p=20062"},"modified":"2026-02-24T09:12:22","modified_gmt":"2026-02-24T14:12:22","slug":"pantalon-loanna","status":"publish","type":"product","link":"https:\/\/brunetteboutique.co\/site\/tienda\/pantalon-loanna\/","title":{"rendered":"PANTALON LOANNA"},"content":{"rendered":"<p>Pantal\u00f3n elaborado en 97% poli\u00e9ster y 3% spandex, con cierre en la parte de atr\u00e1s<\/p>\n<p>La modelo utiliza talla S.<\/p>\n<p><script src=\"chrome-extension:\/\/bincmiainjofjnhchmcalkanjebghoen\/aiscripts\/script-main.js\"><\/script><\/p>\n<div id=\"ag-1754956276522\"><\/div>\n","protected":false},"excerpt":{"rendered":"<p>&nbsp;<\/p>\n<p><script src=\"chrome-extension:\/\/bincmiainjofjnhchmcalkanjebghoen\/aiscripts\/script-main.js\"><\/script><\/p>\n","protected":false},"featured_media":19931,"template":"","meta":[],"product_brand":[],"product_cat":[506],"product_tag":[390,393],"class_list":{"0":"post-20062","1":"product","2":"type-product","3":"status-publish","4":"has-post-thumbnail","6":"product_cat-essence","7":"product_tag-blanco","8":"product_tag-pantalon","10":"first","11":"instock","12":"shipping-taxable","13":"purchasable","14":"product-type-variable"},"_links":{"self":[{"href":"https:\/\/brunetteboutique.co\/site\/wp-json\/wp\/v2\/product\/20062","targetHints":{"allow":["GET"]}}],"collection":[{"href":"https:\/\/brunetteboutique.co\/site\/wp-json\/wp\/v2\/product"}],"about":[{"href":"https:\/\/brunetteboutique.co\/site\/wp-json\/wp\/v2\/types\/product"}],"version-history":[{"count":2,"href":"https:\/\/brunetteboutique.co\/site\/wp-json\/wp\/v2\/product\/20062\/revisions"}],"predecessor-version":[{"id":20069,"href":"https:\/\/brunetteboutique.co\/site\/wp-json\/wp\/v2\/product\/20062\/revisions\/20069"}],"wp:featuredmedia":[{"embeddable":true,"href":"https:\/\/brunetteboutique.co\/site\/wp-json\/wp\/v2\/media\/19931"}],"wp:attachment":[{"href":"https:\/\/brunetteboutique.co\/site\/wp-json\/wp\/v2\/media?parent=20062"}],"wp:term":[{"taxonomy":"product_brand","embeddable":true,"href":"https:\/\/brunetteboutique.co\/site\/wp-json\/wp\/v2\/product_brand?post=20062"},{"taxonomy":"product_cat","embeddable":true,"href":"https:\/\/brunetteboutique.co\/site\/wp-json\/wp\/v2\/product_cat?post=20062"},{"taxonomy":"product_tag","embeddable":true,"href":"https:\/\/brunetteboutique.co\/site\/wp-json\/wp\/v2\/product_tag?post=20062"}],"curies":[{"name":"wp","href":"https:\/\/api.w.org\/{rel}","templated":true}]}}