{"id":20070,"date":"2025-08-11T18:58:38","date_gmt":"2025-08-11T23:58:38","guid":{"rendered":"https:\/\/brunetteboutique.co\/site\/?post_type=product&#038;p=20070"},"modified":"2025-10-14T21:41:02","modified_gmt":"2025-10-15T02:41:02","slug":"pantalon-loanna-nude","status":"publish","type":"product","link":"https:\/\/brunetteboutique.co\/site\/tienda\/pantalon-loanna-nude\/","title":{"rendered":"PANTALON LOANNA NUDE"},"content":{"rendered":"<p>Pantal\u00f3n elaborado en 97% poli\u00e9ster y 3% spandex, con cierre en la parte de atr\u00e1s<\/p>\n<p>La modelo utiliza talla S.<\/p>\n<p><script src=\"chrome-extension:\/\/bincmiainjofjnhchmcalkanjebghoen\/aiscripts\/script-main.js\"><\/script><\/p>\n","protected":false},"excerpt":{"rendered":"<p>&nbsp;<\/p>\n<p><script src=\"chrome-extension:\/\/bincmiainjofjnhchmcalkanjebghoen\/aiscripts\/script-main.js\"><\/script><\/p>\n","protected":false},"featured_media":19965,"template":"","meta":[],"product_brand":[],"product_cat":[506,141],"product_tag":[399,393],"class_list":{"0":"post-20070","1":"product","2":"type-product","3":"status-publish","4":"has-post-thumbnail","6":"product_cat-essence","7":"product_cat-pantalones","8":"product_tag-nude","9":"product_tag-pantalon","11":"first","12":"instock","13":"shipping-taxable","14":"purchasable","15":"product-type-variable"},"_links":{"self":[{"href":"https:\/\/brunetteboutique.co\/site\/wp-json\/wp\/v2\/product\/20070","targetHints":{"allow":["GET"]}}],"collection":[{"href":"https:\/\/brunetteboutique.co\/site\/wp-json\/wp\/v2\/product"}],"about":[{"href":"https:\/\/brunetteboutique.co\/site\/wp-json\/wp\/v2\/types\/product"}],"version-history":[{"count":2,"href":"https:\/\/brunetteboutique.co\/site\/wp-json\/wp\/v2\/product\/20070\/revisions"}],"predecessor-version":[{"id":20077,"href":"https:\/\/brunetteboutique.co\/site\/wp-json\/wp\/v2\/product\/20070\/revisions\/20077"}],"wp:featuredmedia":[{"embeddable":true,"href":"https:\/\/brunetteboutique.co\/site\/wp-json\/wp\/v2\/media\/19965"}],"wp:attachment":[{"href":"https:\/\/brunetteboutique.co\/site\/wp-json\/wp\/v2\/media?parent=20070"}],"wp:term":[{"taxonomy":"product_brand","embeddable":true,"href":"https:\/\/brunetteboutique.co\/site\/wp-json\/wp\/v2\/product_brand?post=20070"},{"taxonomy":"product_cat","embeddable":true,"href":"https:\/\/brunetteboutique.co\/site\/wp-json\/wp\/v2\/product_cat?post=20070"},{"taxonomy":"product_tag","embeddable":true,"href":"https:\/\/brunetteboutique.co\/site\/wp-json\/wp\/v2\/product_tag?post=20070"}],"curies":[{"name":"wp","href":"https:\/\/api.w.org\/{rel}","templated":true}]}}