{"id":20484,"date":"2025-11-08T10:10:40","date_gmt":"2025-11-08T15:10:40","guid":{"rendered":"https:\/\/brunetteboutique.co\/site\/?post_type=product&#038;p=20484"},"modified":"2025-11-27T12:30:43","modified_gmt":"2025-11-27T17:30:43","slug":"vestido-holly","status":"publish","type":"product","link":"https:\/\/brunetteboutique.co\/site\/tienda\/vestido-holly\/","title":{"rendered":"VESTIDO HOLLY"},"content":{"rendered":"<p>Vestido elaborado 100% poli\u00e9ster. Su dise\u00f1o corto con escote off-shoulder y detalle de volantes es la combinaci\u00f3n perfecta entre delicadeza y sofisticaci\u00f3n. Su dise\u00f1o fluido realza la figura con un toque rom\u00e1ntico y moderno, ideal para ocasiones especiales o celebraciones llenas de estilo.<\/p>\n<p>La modelo usa talla S.<\/p>\n<div class=\"host-bincmiainjofjnhchmcalkanjebghoen\" style=\"position: relative; z-index: 2147483647;\"><\/div>\n","protected":false},"excerpt":{"rendered":"<p>&nbsp;<\/p>\n<div class=\"host-bincmiainjofjnhchmcalkanjebghoen\" style=\"position: relative; z-index: 2147483647;\"><\/div>\n","protected":false},"featured_media":20494,"template":"","meta":[],"product_brand":[],"product_cat":[513,140],"product_tag":[390,391],"class_list":{"0":"post-20484","1":"product","2":"type-product","3":"status-publish","4":"has-post-thumbnail","6":"product_cat-fin-de-ano-2025","7":"product_cat-vestidos","8":"product_tag-blanco","9":"product_tag-vestido","11":"first","12":"instock","13":"shipping-taxable","14":"purchasable","15":"product-type-variable"},"_links":{"self":[{"href":"https:\/\/brunetteboutique.co\/site\/wp-json\/wp\/v2\/product\/20484","targetHints":{"allow":["GET"]}}],"collection":[{"href":"https:\/\/brunetteboutique.co\/site\/wp-json\/wp\/v2\/product"}],"about":[{"href":"https:\/\/brunetteboutique.co\/site\/wp-json\/wp\/v2\/types\/product"}],"version-history":[{"count":2,"href":"https:\/\/brunetteboutique.co\/site\/wp-json\/wp\/v2\/product\/20484\/revisions"}],"predecessor-version":[{"id":20507,"href":"https:\/\/brunetteboutique.co\/site\/wp-json\/wp\/v2\/product\/20484\/revisions\/20507"}],"wp:featuredmedia":[{"embeddable":true,"href":"https:\/\/brunetteboutique.co\/site\/wp-json\/wp\/v2\/media\/20494"}],"wp:attachment":[{"href":"https:\/\/brunetteboutique.co\/site\/wp-json\/wp\/v2\/media?parent=20484"}],"wp:term":[{"taxonomy":"product_brand","embeddable":true,"href":"https:\/\/brunetteboutique.co\/site\/wp-json\/wp\/v2\/product_brand?post=20484"},{"taxonomy":"product_cat","embeddable":true,"href":"https:\/\/brunetteboutique.co\/site\/wp-json\/wp\/v2\/product_cat?post=20484"},{"taxonomy":"product_tag","embeddable":true,"href":"https:\/\/brunetteboutique.co\/site\/wp-json\/wp\/v2\/product_tag?post=20484"}],"curies":[{"name":"wp","href":"https:\/\/api.w.org\/{rel}","templated":true}]}}