{"id":20508,"date":"2025-11-08T10:20:01","date_gmt":"2025-11-08T15:20:01","guid":{"rendered":"https:\/\/brunetteboutique.co\/site\/?post_type=product&#038;p=20508"},"modified":"2025-11-08T10:20:02","modified_gmt":"2025-11-08T15:20:02","slug":"vestido-gloria","status":"publish","type":"product","link":"https:\/\/brunetteboutique.co\/site\/tienda\/vestido-gloria\/","title":{"rendered":"VESTIDO GLORIA"},"content":{"rendered":"<p>Vestido elaborado en elaborada en 97% poliester y 3% spandex. Este vestido corto de corte asim\u00e9trico y detalles florales en la cintura combina elegancia y frescura en una sola prenda. Su dise\u00f1o con ca\u00edda fluida y lazo al cuello aporta un toque rom\u00e1ntico y moderno, perfecto para celebrar con estilo en cualquier ocasi\u00f3n especial.<\/p>\n<p>La modelo usa talla S.<\/p>\n<div class=\"host-bincmiainjofjnhchmcalkanjebghoen\" style=\"position: relative; z-index: 2147483647;\"><\/div>\n","protected":false},"excerpt":{"rendered":"<p>&nbsp;<\/p>\n<div class=\"host-bincmiainjofjnhchmcalkanjebghoen\" style=\"position: relative; z-index: 2147483647;\"><\/div>\n","protected":false},"featured_media":20509,"template":"","meta":[],"product_brand":[],"product_cat":[513,140],"product_tag":[390,391],"class_list":{"0":"post-20508","1":"product","2":"type-product","3":"status-publish","4":"has-post-thumbnail","6":"product_cat-fin-de-ano-2025","7":"product_cat-vestidos","8":"product_tag-blanco","9":"product_tag-vestido","11":"first","12":"instock","13":"shipping-taxable","14":"purchasable","15":"product-type-variable"},"_links":{"self":[{"href":"https:\/\/brunetteboutique.co\/site\/wp-json\/wp\/v2\/product\/20508","targetHints":{"allow":["GET"]}}],"collection":[{"href":"https:\/\/brunetteboutique.co\/site\/wp-json\/wp\/v2\/product"}],"about":[{"href":"https:\/\/brunetteboutique.co\/site\/wp-json\/wp\/v2\/types\/product"}],"version-history":[{"count":2,"href":"https:\/\/brunetteboutique.co\/site\/wp-json\/wp\/v2\/product\/20508\/revisions"}],"predecessor-version":[{"id":20527,"href":"https:\/\/brunetteboutique.co\/site\/wp-json\/wp\/v2\/product\/20508\/revisions\/20527"}],"wp:featuredmedia":[{"embeddable":true,"href":"https:\/\/brunetteboutique.co\/site\/wp-json\/wp\/v2\/media\/20509"}],"wp:attachment":[{"href":"https:\/\/brunetteboutique.co\/site\/wp-json\/wp\/v2\/media?parent=20508"}],"wp:term":[{"taxonomy":"product_brand","embeddable":true,"href":"https:\/\/brunetteboutique.co\/site\/wp-json\/wp\/v2\/product_brand?post=20508"},{"taxonomy":"product_cat","embeddable":true,"href":"https:\/\/brunetteboutique.co\/site\/wp-json\/wp\/v2\/product_cat?post=20508"},{"taxonomy":"product_tag","embeddable":true,"href":"https:\/\/brunetteboutique.co\/site\/wp-json\/wp\/v2\/product_tag?post=20508"}],"curies":[{"name":"wp","href":"https:\/\/api.w.org\/{rel}","templated":true}]}}