{"id":20528,"date":"2025-11-08T10:31:53","date_gmt":"2025-11-08T15:31:53","guid":{"rendered":"https:\/\/brunetteboutique.co\/site\/?post_type=product&#038;p=20528"},"modified":"2026-02-24T11:44:55","modified_gmt":"2026-02-24T16:44:55","slug":"jumpsuit-carolyn","status":"publish","type":"product","link":"https:\/\/brunetteboutique.co\/site\/tienda\/jumpsuit-carolyn\/","title":{"rendered":"JUMPSUIT CAROLYN"},"content":{"rendered":"<p>Jumpsuit elaborado en\u00a097% poliester y 3% spandex. Este enterizo asim\u00e9trico con detalle de flor en el escote es la definici\u00f3n perfecta de elegancia y fuerza femenina. Su dise\u00f1o estilizado realza la figura con un toque sofisticado y moderno, ideal para destacar en celebraciones especiales o eventos de noche.<\/p>\n<div class=\"host-bincmiainjofjnhchmcalkanjebghoen\" style=\"position: relative; z-index: 2147483647;\"><\/div>\n<div class=\"host-bincmiainjofjnhchmcalkanjebghoen\" style=\"position: relative; z-index: 2147483647;\"><\/div>\n","protected":false},"excerpt":{"rendered":"<p>&nbsp;<\/p>\n<div class=\"host-bincmiainjofjnhchmcalkanjebghoen\" style=\"position: relative; z-index: 2147483647;\"><\/div>\n<div class=\"host-bincmiainjofjnhchmcalkanjebghoen\" style=\"position: relative; z-index: 2147483647;\"><\/div>\n","protected":false},"featured_media":20529,"template":"","meta":[],"product_brand":[],"product_cat":[513,372],"product_tag":[373,400],"class_list":{"0":"post-20528","1":"product","2":"type-product","3":"status-publish","4":"has-post-thumbnail","6":"product_cat-fin-de-ano-2025","7":"product_cat-jumpsuits","8":"product_tag-jumpsuit","9":"product_tag-rojo","11":"first","12":"instock","13":"shipping-taxable","14":"purchasable","15":"product-type-variable"},"_links":{"self":[{"href":"https:\/\/brunetteboutique.co\/site\/wp-json\/wp\/v2\/product\/20528","targetHints":{"allow":["GET"]}}],"collection":[{"href":"https:\/\/brunetteboutique.co\/site\/wp-json\/wp\/v2\/product"}],"about":[{"href":"https:\/\/brunetteboutique.co\/site\/wp-json\/wp\/v2\/types\/product"}],"version-history":[{"count":2,"href":"https:\/\/brunetteboutique.co\/site\/wp-json\/wp\/v2\/product\/20528\/revisions"}],"predecessor-version":[{"id":20545,"href":"https:\/\/brunetteboutique.co\/site\/wp-json\/wp\/v2\/product\/20528\/revisions\/20545"}],"wp:featuredmedia":[{"embeddable":true,"href":"https:\/\/brunetteboutique.co\/site\/wp-json\/wp\/v2\/media\/20529"}],"wp:attachment":[{"href":"https:\/\/brunetteboutique.co\/site\/wp-json\/wp\/v2\/media?parent=20528"}],"wp:term":[{"taxonomy":"product_brand","embeddable":true,"href":"https:\/\/brunetteboutique.co\/site\/wp-json\/wp\/v2\/product_brand?post=20528"},{"taxonomy":"product_cat","embeddable":true,"href":"https:\/\/brunetteboutique.co\/site\/wp-json\/wp\/v2\/product_cat?post=20528"},{"taxonomy":"product_tag","embeddable":true,"href":"https:\/\/brunetteboutique.co\/site\/wp-json\/wp\/v2\/product_tag?post=20528"}],"curies":[{"name":"wp","href":"https:\/\/api.w.org\/{rel}","templated":true}]}}