{"id":20615,"date":"2025-11-10T11:18:56","date_gmt":"2025-11-10T16:18:56","guid":{"rendered":"https:\/\/brunetteboutique.co\/site\/?post_type=product&#038;p=20615"},"modified":"2026-02-24T11:44:55","modified_gmt":"2026-02-24T16:44:55","slug":"jumpsuit-paola","status":"publish","type":"product","link":"https:\/\/brunetteboutique.co\/site\/tienda\/jumpsuit-paola\/","title":{"rendered":"JUMPSUIT PAOLA"},"content":{"rendered":"<p>Jumpsuit elaborado en \u00a097% poliester y 3% spandex. Su dise\u00f1o asim\u00e9trico con manga abullonada y abertura sutil en el escote crea una silueta moderna y femenina. El detalle floral en la cintura a\u00f1ade el toque perfecto de romanticismo y distinci\u00f3n. Ideal para tus eventos m\u00e1s especiales o celebraciones navide\u00f1as.<\/p>\n<p>La modelo usa talla S.<\/p>\n<div class=\"host-bincmiainjofjnhchmcalkanjebghoen\" style=\"position: relative; z-index: 2147483647;\"><\/div>\n<div class=\"host-bincmiainjofjnhchmcalkanjebghoen\" style=\"position: relative; z-index: 2147483647;\"><\/div>\n","protected":false},"excerpt":{"rendered":"<p>&nbsp;<\/p>\n<div class=\"host-bincmiainjofjnhchmcalkanjebghoen\" style=\"position: relative; z-index: 2147483647;\"><\/div>\n<div class=\"host-bincmiainjofjnhchmcalkanjebghoen\" style=\"position: relative; z-index: 2147483647;\"><\/div>\n","protected":false},"featured_media":20616,"template":"","meta":[],"product_brand":[],"product_cat":[513,372],"product_tag":[390,373],"class_list":{"0":"post-20615","1":"product","2":"type-product","3":"status-publish","4":"has-post-thumbnail","6":"product_cat-fin-de-ano-2025","7":"product_cat-jumpsuits","8":"product_tag-blanco","9":"product_tag-jumpsuit","11":"first","12":"instock","13":"shipping-taxable","14":"purchasable","15":"product-type-variable"},"_links":{"self":[{"href":"https:\/\/brunetteboutique.co\/site\/wp-json\/wp\/v2\/product\/20615","targetHints":{"allow":["GET"]}}],"collection":[{"href":"https:\/\/brunetteboutique.co\/site\/wp-json\/wp\/v2\/product"}],"about":[{"href":"https:\/\/brunetteboutique.co\/site\/wp-json\/wp\/v2\/types\/product"}],"version-history":[{"count":3,"href":"https:\/\/brunetteboutique.co\/site\/wp-json\/wp\/v2\/product\/20615\/revisions"}],"predecessor-version":[{"id":20642,"href":"https:\/\/brunetteboutique.co\/site\/wp-json\/wp\/v2\/product\/20615\/revisions\/20642"}],"wp:featuredmedia":[{"embeddable":true,"href":"https:\/\/brunetteboutique.co\/site\/wp-json\/wp\/v2\/media\/20616"}],"wp:attachment":[{"href":"https:\/\/brunetteboutique.co\/site\/wp-json\/wp\/v2\/media?parent=20615"}],"wp:term":[{"taxonomy":"product_brand","embeddable":true,"href":"https:\/\/brunetteboutique.co\/site\/wp-json\/wp\/v2\/product_brand?post=20615"},{"taxonomy":"product_cat","embeddable":true,"href":"https:\/\/brunetteboutique.co\/site\/wp-json\/wp\/v2\/product_cat?post=20615"},{"taxonomy":"product_tag","embeddable":true,"href":"https:\/\/brunetteboutique.co\/site\/wp-json\/wp\/v2\/product_tag?post=20615"}],"curies":[{"name":"wp","href":"https:\/\/api.w.org\/{rel}","templated":true}]}}