{"id":20645,"date":"2025-11-10T11:49:52","date_gmt":"2025-11-10T16:49:52","guid":{"rendered":"https:\/\/brunetteboutique.co\/site\/?post_type=product&#038;p=20645"},"modified":"2026-04-08T15:01:59","modified_gmt":"2026-04-08T20:01:59","slug":"vestido-wynter","status":"publish","type":"product","link":"https:\/\/brunetteboutique.co\/site\/tienda\/vestido-wynter\/","title":{"rendered":"VESTIDO WYNTER"},"content":{"rendered":"<p>Vestido elaborado en \u00a097% poliester y 3% spandex. Este mini vestido blanco con escote profundo y detalle floral en la cintura es ideal para destacar con elegancia en cada celebraci\u00f3n. Su dise\u00f1o con volantes suaves y mangas estructuradas aporta movimiento y sofisticaci\u00f3n, creando un look fresco y femenino que roba miradas.<\/p>\n<p>La modelo usa talla S.<\/p>\n<div class=\"host-bincmiainjofjnhchmcalkanjebghoen\" style=\"position: relative; z-index: 2147483647;\"><\/div>\n","protected":false},"excerpt":{"rendered":"<p>&nbsp;<\/p>\n<div class=\"host-bincmiainjofjnhchmcalkanjebghoen\" style=\"position: relative; z-index: 2147483647;\"><\/div>\n","protected":false},"featured_media":20646,"template":"","meta":[],"product_brand":[],"product_cat":[513,140],"product_tag":[390,391],"class_list":{"0":"post-20645","1":"product","2":"type-product","3":"status-publish","4":"has-post-thumbnail","6":"product_cat-fin-de-ano-2025","7":"product_cat-vestidos","8":"product_tag-blanco","9":"product_tag-vestido","11":"first","12":"instock","13":"shipping-taxable","14":"purchasable","15":"product-type-variable"},"_links":{"self":[{"href":"https:\/\/brunetteboutique.co\/site\/wp-json\/wp\/v2\/product\/20645","targetHints":{"allow":["GET"]}}],"collection":[{"href":"https:\/\/brunetteboutique.co\/site\/wp-json\/wp\/v2\/product"}],"about":[{"href":"https:\/\/brunetteboutique.co\/site\/wp-json\/wp\/v2\/types\/product"}],"version-history":[{"count":2,"href":"https:\/\/brunetteboutique.co\/site\/wp-json\/wp\/v2\/product\/20645\/revisions"}],"predecessor-version":[{"id":20659,"href":"https:\/\/brunetteboutique.co\/site\/wp-json\/wp\/v2\/product\/20645\/revisions\/20659"}],"wp:featuredmedia":[{"embeddable":true,"href":"https:\/\/brunetteboutique.co\/site\/wp-json\/wp\/v2\/media\/20646"}],"wp:attachment":[{"href":"https:\/\/brunetteboutique.co\/site\/wp-json\/wp\/v2\/media?parent=20645"}],"wp:term":[{"taxonomy":"product_brand","embeddable":true,"href":"https:\/\/brunetteboutique.co\/site\/wp-json\/wp\/v2\/product_brand?post=20645"},{"taxonomy":"product_cat","embeddable":true,"href":"https:\/\/brunetteboutique.co\/site\/wp-json\/wp\/v2\/product_cat?post=20645"},{"taxonomy":"product_tag","embeddable":true,"href":"https:\/\/brunetteboutique.co\/site\/wp-json\/wp\/v2\/product_tag?post=20645"}],"curies":[{"name":"wp","href":"https:\/\/api.w.org\/{rel}","templated":true}]}}