{"id":20673,"date":"2025-11-10T12:37:10","date_gmt":"2025-11-10T17:37:10","guid":{"rendered":"https:\/\/brunetteboutique.co\/site\/?post_type=product&#038;p=20673"},"modified":"2025-11-10T12:45:26","modified_gmt":"2025-11-10T17:45:26","slug":"vestido-kriss","status":"publish","type":"product","link":"https:\/\/brunetteboutique.co\/site\/tienda\/vestido-kriss\/","title":{"rendered":"VESTIDO KRISS"},"content":{"rendered":"<p>Vestido elaborado en licra. Este vestido color vino tinto combina la sensualidad del corte off-shoulder con la sofisticaci\u00f3n de su ca\u00edda drapeada al frente. Perfecto para brillar en cenas, celebraciones o eventos especiales, su dise\u00f1o resalta la silueta con un toque moderno y femenino.<\/p>\n<p>La modelo usa talla S.<\/p>\n<div class=\"host-bincmiainjofjnhchmcalkanjebghoen\" style=\"position: relative; z-index: 2147483647;\"><\/div>\n<div class=\"host-bincmiainjofjnhchmcalkanjebghoen\" style=\"position: relative; z-index: 2147483647;\"><\/div>\n","protected":false},"excerpt":{"rendered":"<p>&nbsp;<\/p>\n<div class=\"host-bincmiainjofjnhchmcalkanjebghoen\" style=\"position: relative; z-index: 2147483647;\"><\/div>\n<div class=\"host-bincmiainjofjnhchmcalkanjebghoen\" style=\"position: relative; z-index: 2147483647;\"><\/div>\n","protected":false},"featured_media":20674,"template":"","meta":[],"product_brand":[],"product_cat":[513,140],"product_tag":[470,391],"class_list":{"0":"post-20673","1":"product","2":"type-product","3":"status-publish","4":"has-post-thumbnail","6":"product_cat-fin-de-ano-2025","7":"product_cat-vestidos","8":"product_tag-licra","9":"product_tag-vestido","11":"first","12":"instock","13":"shipping-taxable","14":"purchasable","15":"product-type-variable"},"_links":{"self":[{"href":"https:\/\/brunetteboutique.co\/site\/wp-json\/wp\/v2\/product\/20673","targetHints":{"allow":["GET"]}}],"collection":[{"href":"https:\/\/brunetteboutique.co\/site\/wp-json\/wp\/v2\/product"}],"about":[{"href":"https:\/\/brunetteboutique.co\/site\/wp-json\/wp\/v2\/types\/product"}],"version-history":[{"count":3,"href":"https:\/\/brunetteboutique.co\/site\/wp-json\/wp\/v2\/product\/20673\/revisions"}],"predecessor-version":[{"id":20686,"href":"https:\/\/brunetteboutique.co\/site\/wp-json\/wp\/v2\/product\/20673\/revisions\/20686"}],"wp:featuredmedia":[{"embeddable":true,"href":"https:\/\/brunetteboutique.co\/site\/wp-json\/wp\/v2\/media\/20674"}],"wp:attachment":[{"href":"https:\/\/brunetteboutique.co\/site\/wp-json\/wp\/v2\/media?parent=20673"}],"wp:term":[{"taxonomy":"product_brand","embeddable":true,"href":"https:\/\/brunetteboutique.co\/site\/wp-json\/wp\/v2\/product_brand?post=20673"},{"taxonomy":"product_cat","embeddable":true,"href":"https:\/\/brunetteboutique.co\/site\/wp-json\/wp\/v2\/product_cat?post=20673"},{"taxonomy":"product_tag","embeddable":true,"href":"https:\/\/brunetteboutique.co\/site\/wp-json\/wp\/v2\/product_tag?post=20673"}],"curies":[{"name":"wp","href":"https:\/\/api.w.org\/{rel}","templated":true}]}}