{"id":20687,"date":"2025-11-10T12:42:48","date_gmt":"2025-11-10T17:42:48","guid":{"rendered":"https:\/\/brunetteboutique.co\/site\/?post_type=product&#038;p=20687"},"modified":"2025-11-10T12:44:01","modified_gmt":"2025-11-10T17:44:01","slug":"vestido-rudy","status":"publish","type":"product","link":"https:\/\/brunetteboutique.co\/site\/tienda\/vestido-rudy\/","title":{"rendered":"VESTIDO RUDY"},"content":{"rendered":"<p>Vestido elaborado en licra. Este vestido en tono nude combina la delicadeza de su dise\u00f1o cruzado con la sofisticaci\u00f3n de una abertura frontal que realza la figura con elegancia. La flor en la cintura a\u00f1ade un toque rom\u00e1ntico y distintivo, perfecto para eventos especiales donde la elegancia se convierte en protagonista.<\/p>\n<p>La modelo usa talla S.<\/p>\n<div class=\"host-bincmiainjofjnhchmcalkanjebghoen\" style=\"position: relative; z-index: 2147483647;\"><\/div>\n<div class=\"host-bincmiainjofjnhchmcalkanjebghoen\" style=\"position: relative; z-index: 2147483647;\"><\/div>\n","protected":false},"excerpt":{"rendered":"<p>&nbsp;<\/p>\n<div class=\"host-bincmiainjofjnhchmcalkanjebghoen\" style=\"position: relative; z-index: 2147483647;\"><\/div>\n<div class=\"host-bincmiainjofjnhchmcalkanjebghoen\" style=\"position: relative; z-index: 2147483647;\"><\/div>\n","protected":false},"featured_media":20688,"template":"","meta":[],"product_brand":[],"product_cat":[513,140],"product_tag":[399,391],"class_list":{"0":"post-20687","1":"product","2":"type-product","3":"status-publish","4":"has-post-thumbnail","6":"product_cat-fin-de-ano-2025","7":"product_cat-vestidos","8":"product_tag-nude","9":"product_tag-vestido","11":"first","12":"instock","13":"shipping-taxable","14":"purchasable","15":"product-type-variable"},"_links":{"self":[{"href":"https:\/\/brunetteboutique.co\/site\/wp-json\/wp\/v2\/product\/20687","targetHints":{"allow":["GET"]}}],"collection":[{"href":"https:\/\/brunetteboutique.co\/site\/wp-json\/wp\/v2\/product"}],"about":[{"href":"https:\/\/brunetteboutique.co\/site\/wp-json\/wp\/v2\/types\/product"}],"version-history":[{"count":3,"href":"https:\/\/brunetteboutique.co\/site\/wp-json\/wp\/v2\/product\/20687\/revisions"}],"predecessor-version":[{"id":20698,"href":"https:\/\/brunetteboutique.co\/site\/wp-json\/wp\/v2\/product\/20687\/revisions\/20698"}],"wp:featuredmedia":[{"embeddable":true,"href":"https:\/\/brunetteboutique.co\/site\/wp-json\/wp\/v2\/media\/20688"}],"wp:attachment":[{"href":"https:\/\/brunetteboutique.co\/site\/wp-json\/wp\/v2\/media?parent=20687"}],"wp:term":[{"taxonomy":"product_brand","embeddable":true,"href":"https:\/\/brunetteboutique.co\/site\/wp-json\/wp\/v2\/product_brand?post=20687"},{"taxonomy":"product_cat","embeddable":true,"href":"https:\/\/brunetteboutique.co\/site\/wp-json\/wp\/v2\/product_cat?post=20687"},{"taxonomy":"product_tag","embeddable":true,"href":"https:\/\/brunetteboutique.co\/site\/wp-json\/wp\/v2\/product_tag?post=20687"}],"curies":[{"name":"wp","href":"https:\/\/api.w.org\/{rel}","templated":true}]}}