{"id":20701,"date":"2025-11-10T12:52:19","date_gmt":"2025-11-10T17:52:19","guid":{"rendered":"https:\/\/brunetteboutique.co\/site\/?post_type=product&#038;p=20701"},"modified":"2026-02-24T11:48:46","modified_gmt":"2026-02-24T16:48:46","slug":"vestido-kendall","status":"publish","type":"product","link":"https:\/\/brunetteboutique.co\/site\/tienda\/vestido-kendall\/","title":{"rendered":"VESTIDO KENDALL"},"content":{"rendered":"<p>Vestido elaborado en seda. Este vestido corto es la definici\u00f3n de sofisticaci\u00f3n moderna. Su cuello halter realza el porte, mientras que la falda con volumen y el lazo lateral a\u00f1aden un toque coqueto y femenino. Ideal para destacar en celebraciones o noches especiales, donde el estilo habla por s\u00ed solo.<\/p>\n<p>La modelo usa talla S.<\/p>\n<div class=\"host-bincmiainjofjnhchmcalkanjebghoen\" style=\"position: relative; z-index: 2147483647;\"><\/div>\n","protected":false},"excerpt":{"rendered":"<p>&nbsp;<\/p>\n<div class=\"host-bincmiainjofjnhchmcalkanjebghoen\" style=\"position: relative; z-index: 2147483647;\"><\/div>\n","protected":false},"featured_media":20702,"template":"","meta":[],"product_brand":[],"product_cat":[513,140],"product_tag":[453,391],"class_list":{"0":"post-20701","1":"product","2":"type-product","3":"status-publish","4":"has-post-thumbnail","6":"product_cat-fin-de-ano-2025","7":"product_cat-vestidos","8":"product_tag-seda","9":"product_tag-vestido","11":"first","12":"instock","13":"shipping-taxable","14":"purchasable","15":"product-type-variable"},"_links":{"self":[{"href":"https:\/\/brunetteboutique.co\/site\/wp-json\/wp\/v2\/product\/20701","targetHints":{"allow":["GET"]}}],"collection":[{"href":"https:\/\/brunetteboutique.co\/site\/wp-json\/wp\/v2\/product"}],"about":[{"href":"https:\/\/brunetteboutique.co\/site\/wp-json\/wp\/v2\/types\/product"}],"version-history":[{"count":2,"href":"https:\/\/brunetteboutique.co\/site\/wp-json\/wp\/v2\/product\/20701\/revisions"}],"predecessor-version":[{"id":20717,"href":"https:\/\/brunetteboutique.co\/site\/wp-json\/wp\/v2\/product\/20701\/revisions\/20717"}],"wp:featuredmedia":[{"embeddable":true,"href":"https:\/\/brunetteboutique.co\/site\/wp-json\/wp\/v2\/media\/20702"}],"wp:attachment":[{"href":"https:\/\/brunetteboutique.co\/site\/wp-json\/wp\/v2\/media?parent=20701"}],"wp:term":[{"taxonomy":"product_brand","embeddable":true,"href":"https:\/\/brunetteboutique.co\/site\/wp-json\/wp\/v2\/product_brand?post=20701"},{"taxonomy":"product_cat","embeddable":true,"href":"https:\/\/brunetteboutique.co\/site\/wp-json\/wp\/v2\/product_cat?post=20701"},{"taxonomy":"product_tag","embeddable":true,"href":"https:\/\/brunetteboutique.co\/site\/wp-json\/wp\/v2\/product_tag?post=20701"}],"curies":[{"name":"wp","href":"https:\/\/api.w.org\/{rel}","templated":true}]}}