{"id":21193,"date":"2026-04-08T18:25:12","date_gmt":"2026-04-08T23:25:12","guid":{"rendered":"https:\/\/brunetteboutique.co\/site\/?post_type=product&#038;p=21193"},"modified":"2026-04-08T18:25:13","modified_gmt":"2026-04-08T23:25:13","slug":"vestido-primavera-ojalillo","status":"publish","type":"product","link":"https:\/\/brunetteboutique.co\/site\/tienda\/vestido-primavera-ojalillo\/","title":{"rendered":"VESTIDO PRIMAVERA OJALILLO"},"content":{"rendered":"<section class=\"text-token-text-primary w-full focus:outline-none [--shadow-height:45px] has-data-writing-block:pointer-events-none has-data-writing-block:-mt-(--shadow-height) has-data-writing-block:pt-(--shadow-height) [&amp;:has([data-writing-block])&gt;*]:pointer-events-auto scroll-mt-(--header-height)\" dir=\"auto\" data-turn-id=\"d7724532-67d4-468e-9f9a-d884f59bd36e\" data-testid=\"conversation-turn-1\" data-scroll-anchor=\"false\" data-turn=\"user\"><\/section>\n<section class=\"text-token-text-primary w-full focus:outline-none [--shadow-height:45px] has-data-writing-block:pointer-events-none has-data-writing-block:-mt-(--shadow-height) has-data-writing-block:pt-(--shadow-height) [&amp;:has([data-writing-block])&gt;*]:pointer-events-auto scroll-mt-[calc(var(--header-height)+min(200px,max(70px,20svh)))]\" dir=\"auto\" data-turn-id=\"request-WEB:565ecc8b-d1e6-4afc-80af-e1454d17e02a-0\" data-testid=\"conversation-turn-2\" data-scroll-anchor=\"true\" data-turn=\"assistant\">\n<div class=\"text-base my-auto mx-auto pb-10 [--thread-content-margin:var(--thread-content-margin-xs,calc(var(--spacing)*4))] @w-sm\/main:[--thread-content-margin:var(--thread-content-margin-sm,calc(var(--spacing)*6))] @w-lg\/main:[--thread-content-margin:var(--thread-content-margin-lg,calc(var(--spacing)*16))] px-(--thread-content-margin)\">\n<div class=\"[--thread-content-max-width:40rem] @w-lg\/main:[--thread-content-max-width:48rem] mx-auto max-w-(--thread-content-max-width) flex-1 group\/turn-messages focus-visible:outline-hidden relative flex w-full min-w-0 flex-col agent-turn\">\n<div class=\"flex max-w-full flex-col gap-4 grow\">\n<div class=\"min-h-8 text-message relative flex w-full flex-col items-end gap-2 text-start break-words whitespace-normal outline-none keyboard-focused:focus-ring [.text-message+&amp;]:mt-1\" dir=\"auto\" tabindex=\"0\" data-message-author-role=\"assistant\" data-message-id=\"845f8283-6418-4d46-9918-34cf463b9d7e\" data-message-model-slug=\"gpt-5-3\" data-turn-start-message=\"true\">\n<div class=\"flex w-full flex-col gap-1 empty:hidden\">\n<div class=\"markdown prose dark:prose-invert w-full wrap-break-word light markdown-new-styling\">\n<p data-start=\"0\" data-end=\"248\" data-is-last-node=\"\" data-is-only-node=\"\">Vestido corto elaborado en ojalillo con escote en V, dise\u00f1ado para resaltar la feminidad con un aire rom\u00e1ntico. Sus lazos en los hombros y la falda ligera aportan movimiento y elegancia, ideal para d\u00edas c\u00e1lidos o escapadas especiales.<\/p>\n<p data-start=\"0\" data-end=\"248\" data-is-last-node=\"\" data-is-only-node=\"\">La modelo usa talla S.<\/p>\n<\/div>\n<\/div>\n<\/div>\n<\/div>\n<\/div>\n<\/div>\n<\/section>\n","protected":false},"excerpt":{"rendered":"<p>Vestido corto elaborado en ojalillo con escote en V, dise\u00f1ado para resaltar la feminidad con un aire rom\u00e1ntico. Sus lazos en los hombros y la falda ligera aportan movimiento y elegancia, ideal para d\u00edas c\u00e1lidos o escapadas especiales. La modelo usa talla S.<\/p>\n","protected":false},"featured_media":21194,"template":"","meta":[],"product_brand":[],"product_cat":[517,140],"product_tag":[469,391],"class_list":{"0":"post-21193","1":"product","2":"type-product","3":"status-publish","4":"has-post-thumbnail","6":"product_cat-la-vida-en-rosa","7":"product_cat-vestidos","8":"product_tag-ojalillo","9":"product_tag-vestido","11":"first","12":"instock","13":"shipping-taxable","14":"purchasable","15":"product-type-variable"},"_links":{"self":[{"href":"https:\/\/brunetteboutique.co\/site\/wp-json\/wp\/v2\/product\/21193","targetHints":{"allow":["GET"]}}],"collection":[{"href":"https:\/\/brunetteboutique.co\/site\/wp-json\/wp\/v2\/product"}],"about":[{"href":"https:\/\/brunetteboutique.co\/site\/wp-json\/wp\/v2\/types\/product"}],"version-history":[{"count":1,"href":"https:\/\/brunetteboutique.co\/site\/wp-json\/wp\/v2\/product\/21193\/revisions"}],"predecessor-version":[{"id":21207,"href":"https:\/\/brunetteboutique.co\/site\/wp-json\/wp\/v2\/product\/21193\/revisions\/21207"}],"wp:featuredmedia":[{"embeddable":true,"href":"https:\/\/brunetteboutique.co\/site\/wp-json\/wp\/v2\/media\/21194"}],"wp:attachment":[{"href":"https:\/\/brunetteboutique.co\/site\/wp-json\/wp\/v2\/media?parent=21193"}],"wp:term":[{"taxonomy":"product_brand","embeddable":true,"href":"https:\/\/brunetteboutique.co\/site\/wp-json\/wp\/v2\/product_brand?post=21193"},{"taxonomy":"product_cat","embeddable":true,"href":"https:\/\/brunetteboutique.co\/site\/wp-json\/wp\/v2\/product_cat?post=21193"},{"taxonomy":"product_tag","embeddable":true,"href":"https:\/\/brunetteboutique.co\/site\/wp-json\/wp\/v2\/product_tag?post=21193"}],"curies":[{"name":"wp","href":"https:\/\/api.w.org\/{rel}","templated":true}]}}