{"id":21322,"date":"2026-04-08T20:33:22","date_gmt":"2026-04-09T01:33:22","guid":{"rendered":"https:\/\/brunetteboutique.co\/site\/?post_type=product&#038;p=21322"},"modified":"2026-04-08T20:33:23","modified_gmt":"2026-04-09T01:33:23","slug":"camisa-indira","status":"publish","type":"product","link":"https:\/\/brunetteboutique.co\/site\/tienda\/camisa-indira\/","title":{"rendered":"CAMISA INDIRA"},"content":{"rendered":"<p>Camisa elaborada en lino.<\/p>\n<p>El pantal\u00f3n que acompa\u00f1a la camisa es el pantal\u00f3n ref. Elisa.<\/p>\n<p>La modelo usa talla S.<\/p>\n","protected":false},"excerpt":{"rendered":"<p>Camisa elaborada en lino. El pantal\u00f3n que acompa\u00f1a la camisa es el pantal\u00f3n ref. Elisa. La modelo usa talla S.<\/p>\n","protected":false},"featured_media":21323,"template":"","meta":[],"product_brand":[],"product_cat":[396,517],"product_tag":[397,377],"class_list":{"0":"post-21322","1":"product","2":"type-product","3":"status-publish","4":"has-post-thumbnail","6":"product_cat-camisas","7":"product_cat-la-vida-en-rosa","8":"product_tag-camisa","9":"product_tag-lino","11":"first","12":"instock","13":"shipping-taxable","14":"purchasable","15":"product-type-variable"},"_links":{"self":[{"href":"https:\/\/brunetteboutique.co\/site\/wp-json\/wp\/v2\/product\/21322","targetHints":{"allow":["GET"]}}],"collection":[{"href":"https:\/\/brunetteboutique.co\/site\/wp-json\/wp\/v2\/product"}],"about":[{"href":"https:\/\/brunetteboutique.co\/site\/wp-json\/wp\/v2\/types\/product"}],"version-history":[{"count":1,"href":"https:\/\/brunetteboutique.co\/site\/wp-json\/wp\/v2\/product\/21322\/revisions"}],"predecessor-version":[{"id":21334,"href":"https:\/\/brunetteboutique.co\/site\/wp-json\/wp\/v2\/product\/21322\/revisions\/21334"}],"wp:featuredmedia":[{"embeddable":true,"href":"https:\/\/brunetteboutique.co\/site\/wp-json\/wp\/v2\/media\/21323"}],"wp:attachment":[{"href":"https:\/\/brunetteboutique.co\/site\/wp-json\/wp\/v2\/media?parent=21322"}],"wp:term":[{"taxonomy":"product_brand","embeddable":true,"href":"https:\/\/brunetteboutique.co\/site\/wp-json\/wp\/v2\/product_brand?post=21322"},{"taxonomy":"product_cat","embeddable":true,"href":"https:\/\/brunetteboutique.co\/site\/wp-json\/wp\/v2\/product_cat?post=21322"},{"taxonomy":"product_tag","embeddable":true,"href":"https:\/\/brunetteboutique.co\/site\/wp-json\/wp\/v2\/product_tag?post=21322"}],"curies":[{"name":"wp","href":"https:\/\/api.w.org\/{rel}","templated":true}]}}