{"id":21374,"date":"2026-04-20T11:30:33","date_gmt":"2026-04-20T16:30:33","guid":{"rendered":"https:\/\/brunetteboutique.co\/site\/?post_type=product&#038;p=21374"},"modified":"2026-04-20T11:30:34","modified_gmt":"2026-04-20T16:30:34","slug":"t-shirt-festival-1","status":"publish","type":"product","link":"https:\/\/brunetteboutique.co\/site\/tienda\/t-shirt-festival-1\/","title":{"rendered":"T-SHIRT FESTIVAL 1"},"content":{"rendered":"<p>Camiseta blanca que celebra la esencia del Caribe con ilustraciones llenas de color y tradici\u00f3n. Un dise\u00f1o fresco, alegre y lleno de identidad cultural, perfecto para destacar con estilo y autenticidad en cualquier ocasi\u00f3n.<\/p>\n<p>Es talla unica.<\/p>\n","protected":false},"excerpt":{"rendered":"<p>Camiseta blanca que celebra la esencia del Caribe con ilustraciones llenas de color y tradici\u00f3n. Un dise\u00f1o fresco, alegre y lleno de identidad cultural, perfecto para destacar con estilo y autenticidad en cualquier ocasi\u00f3n. Es talla unica.<\/p>\n","protected":false},"featured_media":21375,"template":"","meta":[],"product_brand":[],"product_cat":[138,517],"product_tag":[519,484],"class_list":{"0":"post-21374","1":"product","2":"type-product","3":"status-publish","4":"has-post-thumbnail","6":"product_cat-blusas","7":"product_cat-la-vida-en-rosas","8":"product_tag-festival","9":"product_tag-sueter","11":"first","12":"instock","13":"shipping-taxable","14":"purchasable","15":"product-type-variable"},"_links":{"self":[{"href":"https:\/\/brunetteboutique.co\/site\/wp-json\/wp\/v2\/product\/21374","targetHints":{"allow":["GET"]}}],"collection":[{"href":"https:\/\/brunetteboutique.co\/site\/wp-json\/wp\/v2\/product"}],"about":[{"href":"https:\/\/brunetteboutique.co\/site\/wp-json\/wp\/v2\/types\/product"}],"version-history":[{"count":2,"href":"https:\/\/brunetteboutique.co\/site\/wp-json\/wp\/v2\/product\/21374\/revisions"}],"predecessor-version":[{"id":21380,"href":"https:\/\/brunetteboutique.co\/site\/wp-json\/wp\/v2\/product\/21374\/revisions\/21380"}],"wp:featuredmedia":[{"embeddable":true,"href":"https:\/\/brunetteboutique.co\/site\/wp-json\/wp\/v2\/media\/21375"}],"wp:attachment":[{"href":"https:\/\/brunetteboutique.co\/site\/wp-json\/wp\/v2\/media?parent=21374"}],"wp:term":[{"taxonomy":"product_brand","embeddable":true,"href":"https:\/\/brunetteboutique.co\/site\/wp-json\/wp\/v2\/product_brand?post=21374"},{"taxonomy":"product_cat","embeddable":true,"href":"https:\/\/brunetteboutique.co\/site\/wp-json\/wp\/v2\/product_cat?post=21374"},{"taxonomy":"product_tag","embeddable":true,"href":"https:\/\/brunetteboutique.co\/site\/wp-json\/wp\/v2\/product_tag?post=21374"}],"curies":[{"name":"wp","href":"https:\/\/api.w.org\/{rel}","templated":true}]}}