{"id":21381,"date":"2026-04-20T11:34:05","date_gmt":"2026-04-20T16:34:05","guid":{"rendered":"https:\/\/brunetteboutique.co\/site\/?post_type=product&#038;p=21381"},"modified":"2026-04-20T11:34:06","modified_gmt":"2026-04-20T16:34:06","slug":"t-shirt-festival-2","status":"publish","type":"product","link":"https:\/\/brunetteboutique.co\/site\/tienda\/t-shirt-festival-2\/","title":{"rendered":"T-SHIRT FESTIVAL 2"},"content":{"rendered":"<p>Camiseta blanca que celebra la esencia del Caribe con ilustraciones llenas de color y tradici\u00f3n. Un dise\u00f1o fresco, alegre y lleno de identidad cultural, perfecto para destacar con estilo y autenticidad en cualquier ocasi\u00f3n.<\/p>\n<p>Es talla unica.<\/p>\n","protected":false},"excerpt":{"rendered":"<p>Camiseta blanca que celebra la esencia del Caribe con ilustraciones llenas de color y tradici\u00f3n. Un dise\u00f1o fresco, alegre y lleno de identidad cultural, perfecto para destacar con estilo y autenticidad en cualquier ocasi\u00f3n. Es talla unica.<\/p>\n","protected":false},"featured_media":21382,"template":"","meta":[],"product_brand":[],"product_cat":[138,517],"product_tag":[519,484],"class_list":{"0":"post-21381","1":"product","2":"type-product","3":"status-publish","4":"has-post-thumbnail","6":"product_cat-blusas","7":"product_cat-la-vida-en-rosas","8":"product_tag-festival","9":"product_tag-sueter","11":"first","12":"instock","13":"shipping-taxable","14":"purchasable","15":"product-type-variable"},"_links":{"self":[{"href":"https:\/\/brunetteboutique.co\/site\/wp-json\/wp\/v2\/product\/21381","targetHints":{"allow":["GET"]}}],"collection":[{"href":"https:\/\/brunetteboutique.co\/site\/wp-json\/wp\/v2\/product"}],"about":[{"href":"https:\/\/brunetteboutique.co\/site\/wp-json\/wp\/v2\/types\/product"}],"version-history":[{"count":2,"href":"https:\/\/brunetteboutique.co\/site\/wp-json\/wp\/v2\/product\/21381\/revisions"}],"predecessor-version":[{"id":21387,"href":"https:\/\/brunetteboutique.co\/site\/wp-json\/wp\/v2\/product\/21381\/revisions\/21387"}],"wp:featuredmedia":[{"embeddable":true,"href":"https:\/\/brunetteboutique.co\/site\/wp-json\/wp\/v2\/media\/21382"}],"wp:attachment":[{"href":"https:\/\/brunetteboutique.co\/site\/wp-json\/wp\/v2\/media?parent=21381"}],"wp:term":[{"taxonomy":"product_brand","embeddable":true,"href":"https:\/\/brunetteboutique.co\/site\/wp-json\/wp\/v2\/product_brand?post=21381"},{"taxonomy":"product_cat","embeddable":true,"href":"https:\/\/brunetteboutique.co\/site\/wp-json\/wp\/v2\/product_cat?post=21381"},{"taxonomy":"product_tag","embeddable":true,"href":"https:\/\/brunetteboutique.co\/site\/wp-json\/wp\/v2\/product_tag?post=21381"}],"curies":[{"name":"wp","href":"https:\/\/api.w.org\/{rel}","templated":true}]}}