{"id":21388,"date":"2026-04-20T11:44:31","date_gmt":"2026-04-20T16:44:31","guid":{"rendered":"https:\/\/brunetteboutique.co\/site\/?post_type=product&#038;p=21388"},"modified":"2026-04-20T11:44:32","modified_gmt":"2026-04-20T16:44:32","slug":"faldashort-lino-rosa","status":"publish","type":"product","link":"https:\/\/brunetteboutique.co\/site\/tienda\/faldashort-lino-rosa\/","title":{"rendered":"FALDASHORT LINO ROSA"},"content":{"rendered":"<p>Faldashort en tono rosa suave que combina comodidad y estilo en una sola prenda. Su dise\u00f1o femenino y vers\u00e1til es perfecto para crear looks frescos, modernos y llenos de movimiento en cualquier ocasi\u00f3n.<\/p>\n<p>La modelo usa talla S.<\/p>\n","protected":false},"excerpt":{"rendered":"<p>Faldashort en tono rosa suave que combina comodidad y estilo en una sola prenda. Su dise\u00f1o femenino y vers\u00e1til es perfecto para crear looks frescos, modernos y llenos de movimiento en cualquier ocasi\u00f3n. La modelo usa talla S.<\/p>\n","protected":false},"featured_media":21389,"template":"","meta":[],"product_brand":[],"product_cat":[145,517,142],"product_tag":[515,377,411],"class_list":{"0":"post-21388","1":"product","2":"type-product","3":"status-publish","4":"has-post-thumbnail","6":"product_cat-faldas","7":"product_cat-la-vida-en-rosas","8":"product_cat-shorts","9":"product_tag-faldashort","10":"product_tag-lino","11":"product_tag-rosa","13":"first","14":"instock","15":"shipping-taxable","16":"purchasable","17":"product-type-variable"},"_links":{"self":[{"href":"https:\/\/brunetteboutique.co\/site\/wp-json\/wp\/v2\/product\/21388","targetHints":{"allow":["GET"]}}],"collection":[{"href":"https:\/\/brunetteboutique.co\/site\/wp-json\/wp\/v2\/product"}],"about":[{"href":"https:\/\/brunetteboutique.co\/site\/wp-json\/wp\/v2\/types\/product"}],"version-history":[{"count":2,"href":"https:\/\/brunetteboutique.co\/site\/wp-json\/wp\/v2\/product\/21388\/revisions"}],"predecessor-version":[{"id":21403,"href":"https:\/\/brunetteboutique.co\/site\/wp-json\/wp\/v2\/product\/21388\/revisions\/21403"}],"wp:featuredmedia":[{"embeddable":true,"href":"https:\/\/brunetteboutique.co\/site\/wp-json\/wp\/v2\/media\/21389"}],"wp:attachment":[{"href":"https:\/\/brunetteboutique.co\/site\/wp-json\/wp\/v2\/media?parent=21388"}],"wp:term":[{"taxonomy":"product_brand","embeddable":true,"href":"https:\/\/brunetteboutique.co\/site\/wp-json\/wp\/v2\/product_brand?post=21388"},{"taxonomy":"product_cat","embeddable":true,"href":"https:\/\/brunetteboutique.co\/site\/wp-json\/wp\/v2\/product_cat?post=21388"},{"taxonomy":"product_tag","embeddable":true,"href":"https:\/\/brunetteboutique.co\/site\/wp-json\/wp\/v2\/product_tag?post=21388"}],"curies":[{"name":"wp","href":"https:\/\/api.w.org\/{rel}","templated":true}]}}