{"id":21404,"date":"2026-04-20T11:50:15","date_gmt":"2026-04-20T16:50:15","guid":{"rendered":"https:\/\/brunetteboutique.co\/site\/?post_type=product&#038;p=21404"},"modified":"2026-04-20T11:51:04","modified_gmt":"2026-04-20T16:51:04","slug":"faldashort-lino-amarillo","status":"publish","type":"product","link":"https:\/\/brunetteboutique.co\/site\/tienda\/faldashort-lino-amarillo\/","title":{"rendered":"FALDASHORT LINO AMARILLO"},"content":{"rendered":"<p>Faldashort en tono amarillo suave que combina comodidad y estilo en una sola prenda. Su dise\u00f1o femenino y vers\u00e1til es perfecto para crear looks frescos, modernos y llenos de movimiento en cualquier ocasi\u00f3n.<\/p>\n<p>La modelo usa talla S.<\/p>\n","protected":false},"excerpt":{"rendered":"<p>Faldashort en tono amarillo suave que combina comodidad y estilo en una sola prenda. Su dise\u00f1o femenino y vers\u00e1til es perfecto para crear looks frescos, modernos y llenos de movimiento en cualquier ocasi\u00f3n. La modelo usa talla S.<\/p>\n","protected":false},"featured_media":21405,"template":"","meta":[],"product_brand":[],"product_cat":[145,517,142],"product_tag":[515,377],"class_list":{"0":"post-21404","1":"product","2":"type-product","3":"status-publish","4":"has-post-thumbnail","6":"product_cat-faldas","7":"product_cat-la-vida-en-rosas","8":"product_cat-shorts","9":"product_tag-faldashort","10":"product_tag-lino","12":"first","13":"instock","14":"shipping-taxable","15":"purchasable","16":"product-type-variable"},"_links":{"self":[{"href":"https:\/\/brunetteboutique.co\/site\/wp-json\/wp\/v2\/product\/21404","targetHints":{"allow":["GET"]}}],"collection":[{"href":"https:\/\/brunetteboutique.co\/site\/wp-json\/wp\/v2\/product"}],"about":[{"href":"https:\/\/brunetteboutique.co\/site\/wp-json\/wp\/v2\/types\/product"}],"version-history":[{"count":1,"href":"https:\/\/brunetteboutique.co\/site\/wp-json\/wp\/v2\/product\/21404\/revisions"}],"predecessor-version":[{"id":21413,"href":"https:\/\/brunetteboutique.co\/site\/wp-json\/wp\/v2\/product\/21404\/revisions\/21413"}],"wp:featuredmedia":[{"embeddable":true,"href":"https:\/\/brunetteboutique.co\/site\/wp-json\/wp\/v2\/media\/21405"}],"wp:attachment":[{"href":"https:\/\/brunetteboutique.co\/site\/wp-json\/wp\/v2\/media?parent=21404"}],"wp:term":[{"taxonomy":"product_brand","embeddable":true,"href":"https:\/\/brunetteboutique.co\/site\/wp-json\/wp\/v2\/product_brand?post=21404"},{"taxonomy":"product_cat","embeddable":true,"href":"https:\/\/brunetteboutique.co\/site\/wp-json\/wp\/v2\/product_cat?post=21404"},{"taxonomy":"product_tag","embeddable":true,"href":"https:\/\/brunetteboutique.co\/site\/wp-json\/wp\/v2\/product_tag?post=21404"}],"curies":[{"name":"wp","href":"https:\/\/api.w.org\/{rel}","templated":true}]}}