{"id":21438,"date":"2026-04-20T12:34:46","date_gmt":"2026-04-20T17:34:46","guid":{"rendered":"https:\/\/brunetteboutique.co\/site\/?post_type=product&#038;p=21438"},"modified":"2026-04-20T12:35:06","modified_gmt":"2026-04-20T17:35:06","slug":"short-en-lino-amarillo","status":"publish","type":"product","link":"https:\/\/brunetteboutique.co\/site\/tienda\/short-en-lino-amarillo\/","title":{"rendered":"SHORT EN LINO AMARILLO"},"content":{"rendered":"<p>Short en tono amarillo suave que transmite frescura y elegancia en cada paso. Ligero, c\u00f3modo y vers\u00e1til, ideal para crear looks relajados con un toque chic en d\u00edas soleados.<\/p>\n<p>La modelo usa talla S.<\/p>\n","protected":false},"excerpt":{"rendered":"<p>Short en tono amarillo suave que transmite frescura y elegancia en cada paso. Ligero, c\u00f3modo y vers\u00e1til, ideal para crear looks relajados con un toque chic en d\u00edas soleados. La modelo usa talla S.<\/p>\n","protected":false},"featured_media":21439,"template":"","meta":[],"product_brand":[],"product_cat":[517,142],"product_tag":[377,414],"class_list":{"0":"post-21438","1":"product","2":"type-product","3":"status-publish","4":"has-post-thumbnail","6":"product_cat-la-vida-en-rosas","7":"product_cat-shorts","8":"product_tag-lino","9":"product_tag-short","11":"first","12":"instock","13":"shipping-taxable","14":"purchasable","15":"product-type-variable"},"_links":{"self":[{"href":"https:\/\/brunetteboutique.co\/site\/wp-json\/wp\/v2\/product\/21438","targetHints":{"allow":["GET"]}}],"collection":[{"href":"https:\/\/brunetteboutique.co\/site\/wp-json\/wp\/v2\/product"}],"about":[{"href":"https:\/\/brunetteboutique.co\/site\/wp-json\/wp\/v2\/types\/product"}],"version-history":[{"count":3,"href":"https:\/\/brunetteboutique.co\/site\/wp-json\/wp\/v2\/product\/21438\/revisions"}],"predecessor-version":[{"id":21447,"href":"https:\/\/brunetteboutique.co\/site\/wp-json\/wp\/v2\/product\/21438\/revisions\/21447"}],"wp:featuredmedia":[{"embeddable":true,"href":"https:\/\/brunetteboutique.co\/site\/wp-json\/wp\/v2\/media\/21439"}],"wp:attachment":[{"href":"https:\/\/brunetteboutique.co\/site\/wp-json\/wp\/v2\/media?parent=21438"}],"wp:term":[{"taxonomy":"product_brand","embeddable":true,"href":"https:\/\/brunetteboutique.co\/site\/wp-json\/wp\/v2\/product_brand?post=21438"},{"taxonomy":"product_cat","embeddable":true,"href":"https:\/\/brunetteboutique.co\/site\/wp-json\/wp\/v2\/product_cat?post=21438"},{"taxonomy":"product_tag","embeddable":true,"href":"https:\/\/brunetteboutique.co\/site\/wp-json\/wp\/v2\/product_tag?post=21438"}],"curies":[{"name":"wp","href":"https:\/\/api.w.org\/{rel}","templated":true}]}}