{"id":21448,"date":"2026-04-20T12:38:45","date_gmt":"2026-04-20T17:38:45","guid":{"rendered":"https:\/\/brunetteboutique.co\/site\/?post_type=product&#038;p=21448"},"modified":"2026-04-20T12:38:46","modified_gmt":"2026-04-20T17:38:46","slug":"short-en-lino-rosa","status":"publish","type":"product","link":"https:\/\/brunetteboutique.co\/site\/tienda\/short-en-lino-rosa\/","title":{"rendered":"SHORT EN LINO ROSA"},"content":{"rendered":"<p>Short en tono rosa suave que transmite frescura y elegancia en cada paso. Ligero, c\u00f3modo y vers\u00e1til, ideal para crear looks relajados con un toque chic en d\u00edas soleados.<\/p>\n<p>La modelo usa talla S.<\/p>\n","protected":false},"excerpt":{"rendered":"<p>Short en tono rosa suave que transmite frescura y elegancia en cada paso. Ligero, c\u00f3modo y vers\u00e1til, ideal para crear looks relajados con un toque chic en d\u00edas soleados. La modelo usa talla S.<\/p>\n","protected":false},"featured_media":21449,"template":"","meta":[],"product_brand":[],"product_cat":[517,142],"product_tag":[377,414],"class_list":{"0":"post-21448","1":"product","2":"type-product","3":"status-publish","4":"has-post-thumbnail","6":"product_cat-la-vida-en-rosas","7":"product_cat-shorts","8":"product_tag-lino","9":"product_tag-short","11":"first","12":"instock","13":"shipping-taxable","14":"purchasable","15":"product-type-variable"},"_links":{"self":[{"href":"https:\/\/brunetteboutique.co\/site\/wp-json\/wp\/v2\/product\/21448","targetHints":{"allow":["GET"]}}],"collection":[{"href":"https:\/\/brunetteboutique.co\/site\/wp-json\/wp\/v2\/product"}],"about":[{"href":"https:\/\/brunetteboutique.co\/site\/wp-json\/wp\/v2\/types\/product"}],"version-history":[{"count":2,"href":"https:\/\/brunetteboutique.co\/site\/wp-json\/wp\/v2\/product\/21448\/revisions"}],"predecessor-version":[{"id":21456,"href":"https:\/\/brunetteboutique.co\/site\/wp-json\/wp\/v2\/product\/21448\/revisions\/21456"}],"wp:featuredmedia":[{"embeddable":true,"href":"https:\/\/brunetteboutique.co\/site\/wp-json\/wp\/v2\/media\/21449"}],"wp:attachment":[{"href":"https:\/\/brunetteboutique.co\/site\/wp-json\/wp\/v2\/media?parent=21448"}],"wp:term":[{"taxonomy":"product_brand","embeddable":true,"href":"https:\/\/brunetteboutique.co\/site\/wp-json\/wp\/v2\/product_brand?post=21448"},{"taxonomy":"product_cat","embeddable":true,"href":"https:\/\/brunetteboutique.co\/site\/wp-json\/wp\/v2\/product_cat?post=21448"},{"taxonomy":"product_tag","embeddable":true,"href":"https:\/\/brunetteboutique.co\/site\/wp-json\/wp\/v2\/product_tag?post=21448"}],"curies":[{"name":"wp","href":"https:\/\/api.w.org\/{rel}","templated":true}]}}