{"id":21529,"date":"2026-04-28T19:09:33","date_gmt":"2026-04-29T00:09:33","guid":{"rendered":"https:\/\/brunetteboutique.co\/site\/?post_type=product&#038;p=21529"},"modified":"2026-04-28T19:09:51","modified_gmt":"2026-04-29T00:09:51","slug":"short-en-lino-negro","status":"publish","type":"product","link":"https:\/\/brunetteboutique.co\/site\/tienda\/short-en-lino-negro\/","title":{"rendered":"SHORT EN LINO NEGRO"},"content":{"rendered":"<p>Short en tono negro que transmite frescura y elegancia en cada paso. Ligero, c\u00f3modo y vers\u00e1til, ideal para crear looks relajados con un toque chic en d\u00edas soleados.<\/p>\n<p>La modelo usa talla S.<\/p>\n","protected":false},"excerpt":{"rendered":"<p>Short en tono negro que transmite frescura y elegancia en cada paso. Ligero, c\u00f3modo y vers\u00e1til, ideal para crear looks relajados con un toque chic en d\u00edas soleados. La modelo usa talla S.<\/p>\n","protected":false},"featured_media":21530,"template":"","meta":[],"product_brand":[],"product_cat":[517,142],"product_tag":[377,394,414],"class_list":{"0":"post-21529","1":"product","2":"type-product","3":"status-publish","4":"has-post-thumbnail","6":"product_cat-la-vida-en-rosas","7":"product_cat-shorts","8":"product_tag-lino","9":"product_tag-negro","10":"product_tag-short","12":"first","13":"instock","14":"shipping-taxable","15":"purchasable","16":"product-type-variable"},"_links":{"self":[{"href":"https:\/\/brunetteboutique.co\/site\/wp-json\/wp\/v2\/product\/21529","targetHints":{"allow":["GET"]}}],"collection":[{"href":"https:\/\/brunetteboutique.co\/site\/wp-json\/wp\/v2\/product"}],"about":[{"href":"https:\/\/brunetteboutique.co\/site\/wp-json\/wp\/v2\/types\/product"}],"version-history":[{"count":3,"href":"https:\/\/brunetteboutique.co\/site\/wp-json\/wp\/v2\/product\/21529\/revisions"}],"predecessor-version":[{"id":21542,"href":"https:\/\/brunetteboutique.co\/site\/wp-json\/wp\/v2\/product\/21529\/revisions\/21542"}],"wp:featuredmedia":[{"embeddable":true,"href":"https:\/\/brunetteboutique.co\/site\/wp-json\/wp\/v2\/media\/21530"}],"wp:attachment":[{"href":"https:\/\/brunetteboutique.co\/site\/wp-json\/wp\/v2\/media?parent=21529"}],"wp:term":[{"taxonomy":"product_brand","embeddable":true,"href":"https:\/\/brunetteboutique.co\/site\/wp-json\/wp\/v2\/product_brand?post=21529"},{"taxonomy":"product_cat","embeddable":true,"href":"https:\/\/brunetteboutique.co\/site\/wp-json\/wp\/v2\/product_cat?post=21529"},{"taxonomy":"product_tag","embeddable":true,"href":"https:\/\/brunetteboutique.co\/site\/wp-json\/wp\/v2\/product_tag?post=21529"}],"curies":[{"name":"wp","href":"https:\/\/api.w.org\/{rel}","templated":true}]}}